{"id":180,"date":"2024-02-23T15:11:03","date_gmt":"2024-02-23T15:11:03","guid":{"rendered":"https:\/\/geiger-sse.de\/?page_id=180"},"modified":"2024-03-07T15:54:58","modified_gmt":"2024-03-07T15:54:58","slug":"willkommen","status":"publish","type":"page","link":"https:\/\/geiger-sse.de\/de\/","title":{"rendered":"Willkommen"},"content":{"rendered":"<blockquote><p>Aus heutiger Sicht und als Pionier, Entwickler und Akteur der digitalen Transformation mit jahrzehnte langer Erfahrung,sehe ich mehr denn je die Notwendigkeit eines ganzheitlichen Ansatzes im Bereich der Entwicklung und Wartung SW-basierterSysteme und Produkte mit hohen Anforderungen der Verf\u00fcgbarkeit, Performance, Robustheit und Resilienz wie wir Sie aus dem Bereich der kritischen Infrastruktur kennen.<br \/>\n(Klemens Geiger)<\/p><\/blockquote>\n<p>In Ihrer Organisation gibt es vielleicht ein Prozessmodell,m\u00f6glicherweise dem Gedanken des V-Modell folgend oder gesetzlich vorgeschrieben,zur Entwicklung und Wartung der Funktion,der funktionaler Sicherheit als auch der Cybersicherheit der Systeme und Produkte. Untergliedert in verschiedene Teil-Prozesse entlang des Lebenszykluses der Systeme und Produkte.<br \/>\nBestehende \u00dcberschneidungen, das aufsp\u00fcren von L\u00fccken oder sogar Widerspr\u00fcche zwischen Anforderungen aus diesen Teil-Prozessen m\u00fcssen analysiert,diskutiert und schlie\u00dflich in angemessener Weise aufgel\u00f6st werden, ohne dabei die Ziele f\u00fcr Funktion, Performance,der funktionalen Sicherheit und Resilienz aus den Augen zu verlieren.<\/p>\n<p>Abh\u00e4ngig von spezifischen Priorit\u00e4ten, vorgegeben auch aus dem Kontext der Systeme, k\u00f6nnen passende L\u00f6sungen sehr unterschiedlich ausfallen.<br \/>\nHier sieht sich Geiger Safe &amp; Secure Engineering in der Verantwortung f\u00fcr eine nachhaltige L\u00f6sung die allen Anforderungen gerecht wird.<\/p>\n","protected":false},"excerpt":{"rendered":"<p>Aus heutiger Sicht und als Pionier, Entwickler und Akteur der digitalen Transformation mit jahrzehnte langer Erfahrung,sehe ich mehr denn je die Notwendigkeit eines ganzheitlichen Ansatzes im Bereich der Entwicklung und Wartung SW-basierterSysteme und Produkte mit hohen Anforderungen der Verf\u00fcgbarkeit, Performance, Robustheit und Resilienz wie wir Sie aus dem Bereich der kritischen Infrastruktur kennen. (Klemens Geiger) [&hellip;]<\/p>\n","protected":false},"author":2,"featured_media":0,"parent":0,"menu_order":0,"comment_status":"closed","ping_status":"closed","template":"","meta":{"_genesis_hide_title":false,"_genesis_hide_breadcrumbs":false,"_genesis_hide_singular_image":false,"_genesis_hide_footer_widgets":false,"_genesis_custom_body_class":"","_genesis_custom_post_class":"","_genesis_layout":"","footnotes":""},"class_list":{"0":"post-180","1":"page","2":"type-page","3":"status-publish","5":"entry"},"featured_image_src":null,"featured_image_src_square":null,"_links":{"self":[{"href":"https:\/\/geiger-sse.de\/de\/wp-json\/wp\/v2\/pages\/180","targetHints":{"allow":["GET"]}}],"collection":[{"href":"https:\/\/geiger-sse.de\/de\/wp-json\/wp\/v2\/pages"}],"about":[{"href":"https:\/\/geiger-sse.de\/de\/wp-json\/wp\/v2\/types\/page"}],"author":[{"embeddable":true,"href":"https:\/\/geiger-sse.de\/de\/wp-json\/wp\/v2\/users\/2"}],"replies":[{"embeddable":true,"href":"https:\/\/geiger-sse.de\/de\/wp-json\/wp\/v2\/comments?post=180"}],"version-history":[{"count":20,"href":"https:\/\/geiger-sse.de\/de\/wp-json\/wp\/v2\/pages\/180\/revisions"}],"predecessor-version":[{"id":332,"href":"https:\/\/geiger-sse.de\/de\/wp-json\/wp\/v2\/pages\/180\/revisions\/332"}],"wp:attachment":[{"href":"https:\/\/geiger-sse.de\/de\/wp-json\/wp\/v2\/media?parent=180"}],"curies":[{"name":"wp","href":"https:\/\/api.w.org\/{rel}","templated":true}]}}