{"id":184,"date":"2024-02-23T15:10:46","date_gmt":"2024-02-23T15:10:46","guid":{"rendered":"https:\/\/geiger-sse.de\/?page_id=184"},"modified":"2024-03-06T17:21:22","modified_gmt":"2024-03-06T17:21:22","slug":"angebot","status":"publish","type":"page","link":"https:\/\/geiger-sse.de\/de\/angebot\/","title":{"rendered":"Angebot"},"content":{"rendered":"<p>Ein Schedule f\u00fcr ein Projekt k\u00f6nnte beispielsweise Folgendes umfassen:<\/p>\n<ul>\n<li>Analyse und Bewertung von L\u00fccken und Risiken Ihrer Systeme oder Produkte<\/li>\n<li>Konzepte und konzeptionelle Gestaltung eines Systems oder Produkts zur Einhaltung internationaler Standards f\u00fcr OT-Systeme (DO 178B\/C, EN 50126, DIN EN 50657)<\/li>\n<li>Definition und Entwicklung eines Cyber-Management-Systems f\u00fcr den Service Ihres Produkts<\/li>\n<li>Unterst\u00fctzung bei der Einhaltung branchenspezifischer Cyber-Sicherheitsstandards f\u00fcr Ihr System oder Produkt (DIN EN IEC 62443-Reihe, DIN EN TS 50701, EU CRA)<\/li>\n<li>Integration von Cyber-Sicherheits-Gegenma\u00dfnahmen f\u00fchrender Cyber-Sicherheitsanbieter f\u00fcr Ihr System oder Produkt als Teil Ihres Cyber-Sicherheits-Frameworks, das Ihrem erforderlichen Cyber-Sicherheitsniveau und den identifizierten Risiken entspricht.<\/li>\n<\/ul>\n<p>oder auch nur spezifische Aufgaben daraus.<\/p>\n<p>In unserem fiktiven Beispiel beginnen wir normalerweise mit einer Analyse der Situation und Ihrer branchenspezifischen Cyber-Sicherheitsanforderungen. Anschlie\u00dfend erfolgt die Identifizierung und Bewertung von Cyber-Sicherheitsrisiken als Lieferant oder Hersteller und bei Bedarf auch der Risiken Ihrer Kunden.<\/p>\n<p>Abh\u00e4ngig von den Ergebnissen dieser Aktivit\u00e4t k\u00f6nnen weitere Ma\u00dfnahmen spezifiziert, besprochen und bei Bedarf gemeinsam im Team vorangetrieben werden, um die erforderliche Compliance und Reduzierung von Cyber-Sicherheitsrisiken zu erreichen.<\/p>\n<p>Es ist unser Anspruch, dass die m\u00f6glicherweise neu hinzuzf\u00fcgenden\u00a0 Anforderungen an die Cybersicherheit mit den funktionalen, betrieblichen und der funktionalen\u00a0 Sicherheit (sofern vorhanden) des zu betrachtenden Systems oder Produktes in Einklang stehen.<\/p>\n<p>Daneben bieten wir auch Unterst\u00fctzung f\u00fcr Themen der Funktion als auch der funktionalen Sicherheit an.<\/p>\n<p>Zusammengefasst, wir bieten\u00a0 eine ganzheitliche Sicht auf Produkte oder Systeme\u00a0 hinsichtlich Funktion, Betrieb, funktionaler Sicherheit und Cyber Security.<\/p>\n","protected":false},"excerpt":{"rendered":"<p>Ein Schedule f\u00fcr ein Projekt k\u00f6nnte beispielsweise Folgendes umfassen: Analyse und Bewertung von L\u00fccken und Risiken Ihrer Systeme oder Produkte Konzepte und konzeptionelle Gestaltung eines Systems oder Produkts zur Einhaltung internationaler Standards f\u00fcr OT-Systeme (DO 178B\/C, EN 50126, DIN EN 50657) Definition und Entwicklung eines Cyber-Management-Systems f\u00fcr den Service Ihres Produkts Unterst\u00fctzung bei der Einhaltung [&hellip;]<\/p>\n","protected":false},"author":2,"featured_media":0,"parent":0,"menu_order":0,"comment_status":"closed","ping_status":"closed","template":"","meta":{"_genesis_hide_title":false,"_genesis_hide_breadcrumbs":false,"_genesis_hide_singular_image":false,"_genesis_hide_footer_widgets":false,"_genesis_custom_body_class":"","_genesis_custom_post_class":"","_genesis_layout":"","footnotes":""},"class_list":{"0":"post-184","1":"page","2":"type-page","3":"status-publish","5":"entry"},"featured_image_src":null,"featured_image_src_square":null,"_links":{"self":[{"href":"https:\/\/geiger-sse.de\/de\/wp-json\/wp\/v2\/pages\/184","targetHints":{"allow":["GET"]}}],"collection":[{"href":"https:\/\/geiger-sse.de\/de\/wp-json\/wp\/v2\/pages"}],"about":[{"href":"https:\/\/geiger-sse.de\/de\/wp-json\/wp\/v2\/types\/page"}],"author":[{"embeddable":true,"href":"https:\/\/geiger-sse.de\/de\/wp-json\/wp\/v2\/users\/2"}],"replies":[{"embeddable":true,"href":"https:\/\/geiger-sse.de\/de\/wp-json\/wp\/v2\/comments?post=184"}],"version-history":[{"count":13,"href":"https:\/\/geiger-sse.de\/de\/wp-json\/wp\/v2\/pages\/184\/revisions"}],"predecessor-version":[{"id":284,"href":"https:\/\/geiger-sse.de\/de\/wp-json\/wp\/v2\/pages\/184\/revisions\/284"}],"wp:attachment":[{"href":"https:\/\/geiger-sse.de\/de\/wp-json\/wp\/v2\/media?parent=184"}],"curies":[{"name":"wp","href":"https:\/\/api.w.org\/{rel}","templated":true}]}}