{"id":186,"date":"2024-02-26T16:01:25","date_gmt":"2024-02-26T16:01:25","guid":{"rendered":"https:\/\/geiger-sse.de\/?page_id=186"},"modified":"2024-03-19T09:28:03","modified_gmt":"2024-03-19T09:28:03","slug":"funktionen","status":"publish","type":"page","link":"https:\/\/geiger-sse.de\/de\/funktionen\/","title":{"rendered":"Funktionen"},"content":{"rendered":"<blockquote><p>Cybersicherheit f\u00fcr sich allein ist bedeutungslos \u2026 sie macht nur im Kontext von Daten und betrieblichen Funktionen Sinn!<br \/>\n(Klemens Geiger)<\/p><\/blockquote>\n<p>Abgeleitet aus funktionalen Anforderungen und solcher der funktionalen Sicherheit steht die Implementierung eines Systems oder Produkts immer im Mittelpunkt jeder T\u00e4tigkeit, auch dann wenn es um Aktivit\u00e4ten aus dem Bereich Cyber \u200b\u200bSecurity geht. Aus dem Zweiklang von Funktion und deren funktionaler sicherheit ist ein Dreilang aus Funktion, funktionaler sicherheit und Cyber Security geworden.<\/p>\n<p>Mit einer ganzheitlichen, auf Erfahrung basierenden Sichtweise und unserer spezifischen Methodik sind wir in der Lage, bei funktionalen, betrieblichen und sicherheitsrelevanten Herausforderungen zu unterst\u00fctzen.<\/p>\n<p>Wir k\u00f6nnen Sie unterst\u00fctzen durch<\/p>\n<ol>\n<li>Coaching<\/li>\n<li>Ausbildung<\/li>\n<li>Analyse auf Vollst\u00e4ndigkeit, R\u00fcckverfolgbarkeit und Verifizierung, den klassichen Engineering Disziplinen<\/li>\n<li>Beratung und Unterst\u00fctzung von Audits, der Zertifizierung und Homologation gem\u00e4\u00df nationalen und internationalen Standards (DO 781B\/C, DIN EN 50126, DIN EN 50756, EN IEC 6443-Reihe),<\/li>\n<li>Projektmanagement in allen Aspekten der Entwicklung und Aufrechterhaltung von Funktionen, Leistung und Belastbarkeit.<\/li>\n<li>Entwicklung, Projektmanagement und Integration<\/li>\n<\/ol>\n<p>&nbsp;<\/p>\n<p>um Schaden und Verlust an den<\/p>\n<p>betrieblichen Funktionen<br \/>\nvon Dienstleistungen (ausserhalb oder innerhalb der Organisation)<br \/>\nsicherheitsbezogener Funktionen<\/p>\n<p>zu minimieren.<\/p>\n","protected":false},"excerpt":{"rendered":"<p>Cybersicherheit f\u00fcr sich allein ist bedeutungslos \u2026 sie macht nur im Kontext von Daten und betrieblichen Funktionen Sinn! (Klemens Geiger) Abgeleitet aus funktionalen Anforderungen und solcher der funktionalen Sicherheit steht die Implementierung eines Systems oder Produkts immer im Mittelpunkt jeder T\u00e4tigkeit, auch dann wenn es um Aktivit\u00e4ten aus dem Bereich Cyber \u200b\u200bSecurity geht. Aus dem [&hellip;]<\/p>\n","protected":false},"author":2,"featured_media":0,"parent":0,"menu_order":0,"comment_status":"closed","ping_status":"closed","template":"","meta":{"_genesis_hide_title":false,"_genesis_hide_breadcrumbs":false,"_genesis_hide_singular_image":false,"_genesis_hide_footer_widgets":false,"_genesis_custom_body_class":"","_genesis_custom_post_class":"","_genesis_layout":"","footnotes":""},"class_list":{"0":"post-186","1":"page","2":"type-page","3":"status-publish","5":"entry"},"featured_image_src":null,"featured_image_src_square":null,"_links":{"self":[{"href":"https:\/\/geiger-sse.de\/de\/wp-json\/wp\/v2\/pages\/186","targetHints":{"allow":["GET"]}}],"collection":[{"href":"https:\/\/geiger-sse.de\/de\/wp-json\/wp\/v2\/pages"}],"about":[{"href":"https:\/\/geiger-sse.de\/de\/wp-json\/wp\/v2\/types\/page"}],"author":[{"embeddable":true,"href":"https:\/\/geiger-sse.de\/de\/wp-json\/wp\/v2\/users\/2"}],"replies":[{"embeddable":true,"href":"https:\/\/geiger-sse.de\/de\/wp-json\/wp\/v2\/comments?post=186"}],"version-history":[{"count":7,"href":"https:\/\/geiger-sse.de\/de\/wp-json\/wp\/v2\/pages\/186\/revisions"}],"predecessor-version":[{"id":370,"href":"https:\/\/geiger-sse.de\/de\/wp-json\/wp\/v2\/pages\/186\/revisions\/370"}],"wp:attachment":[{"href":"https:\/\/geiger-sse.de\/de\/wp-json\/wp\/v2\/media?parent=186"}],"curies":[{"name":"wp","href":"https:\/\/api.w.org\/{rel}","templated":true}]}}