{"id":414,"date":"2024-02-24T13:52:34","date_gmt":"2024-02-24T13:52:34","guid":{"rendered":"https:\/\/geiger-sse.de\/?page_id=414"},"modified":"2024-05-17T13:31:16","modified_gmt":"2024-05-17T13:31:16","slug":"ueber_uns","status":"publish","type":"page","link":"https:\/\/geiger-sse.de\/de\/ueber_uns\/","title":{"rendered":"\u00dcber Uns"},"content":{"rendered":"<div id=\"tw-target-text-container\" class=\"tw-ta-container F0azHf tw-nfl\" tabindex=\"0\">\r\n<h2>Geiger Safe &amp; Secure Engineering<\/h2>\r\n<\/div>\r\n<p>wurde im Januar 2024 von Klemens Geiger und Vincent Geiger gegr\u00fcndet, um eine ganzheitliche Sicht und Ansatz f\u00fcr alle drei wichtigen Facetten eines Produktlebenszykluses zu unterst\u00fctzen:\u00a0 Funktion, funktionale Sicherheit und Cybersicherheit.<\/p>\r\n<h2>Klemens Geiger<\/h2>\r\n<p>Gr\u00fcnder und Gesch\u00e4ftsf\u00fchrer von Geiger Safe &amp; Secure Engineering ist diplomierter Nachrichtentechniker und kann auf eine lange und internationalen Karriere, als SW-Ingenieur , System und SW-Architekt und Teamleiter f\u00fcr die Entwiclung von Echtzeitsystemen und Produkten zur\u00fcckblicken.<\/p>\r\n<p>Dies erlaubte Ihm umfassende Erfahrung in allen Phasen des Produklebenszykluses wie die Analyse, die Spezifikation, der Architektur, dem Testen und der Integration von Echtzeitsystemen f\u00fcr Anwendungen im Bereich Lastkontrolle f\u00fcr industrielle Gro\u00dfverbraucher, professionellem digitaler Audio\/TV\u00a0 L\u00f6sungen (recording, playback, mixing und distribution) , der Avionik fin der zivilen Luftfahrt und der Bahn zu sammeln.<\/p>\r\n<p>Im Bereich der Avionik und der Bahn sammelte er umfangreiche Erfahrung\u00a0 in der Systementwicklung nach internationalen Standards wie die DO178b\/c (Avionik) und der EN50657(Bahn). Dies umfasste das erstellen von Nachweisen, durchf\u00fchren von Audits sowei die dazugeh\u00f6rige\u00a0 Dokumentation und Kommunikation mit nationalen uind internationalen Beh\u00f6rden wie das Eisenbahnbundesamt, ERA oder der EASA.<\/p>\r\n<p>In den letzten Jahren verschob sich der Fokus der Arbeit in Richtung Cyber Security f\u00fcr eingebettete Systeme und Produkte. Dies vor allem als Verantwortlicher und Gr\u00fcnder des Center of Excellence Cyber Security (2015) f\u00fcr Bombardier Transportation damit verbunden auch als Author des\u00a0 Cyber Security Engineering Prozesses f\u00fcr das rollende Material und der signaltechnischen Anlagen von Bombardier Transportation. <br \/>Neben der Betreuung in den verschiedenen Projekte\u00a0 um die Complaince zu den spezifischen Cyber Security standards der Bahn zu erreichen, hatte er die M\u00f6glichkeit an den neu gegr\u00fcndeten nationalen und internationalen Commitees f\u00fcr Cyber Security der Bahn als Mitglied zu wirken. In dieser Rolle war er Initiator und Author der DIN EN 50701 als der IEC 63453 die davon abgeleitet ist. Es war ihm ein Ehre die DKE mit der deutschen \u00dcbersetzung der DIN EN 5701 zu unterst\u00fctzen.<\/p>\r\n<h6>Klemens Geiger h\u00e4lt die folgenden Zertifikate und Ernennungen<\/h6>\r\n<p>als IMA Senior Experte mit langj\u00e4hriger Erfahrung als focal point<br \/>langj\u00e4hriges Mitglied der IMA Usergroup (Thales\/Diehl) <br \/>Berufung in der Rolle als Checker\u00a0 f\u00fcr die 1020 Delegation im A 350XWB Programm von Airbus<br \/>als Senior Expert of EN IEC 62443 series.<\/p>\r\n<pre>\u00a0<\/pre>\r\n<h3>Vincent Geiger<\/h3>\r\n<p>Mitbegr\u00fcnder von Geiger Safe &amp; Secure Engineering. Mit seinem Bachelor in Betriebswirtshaftslehre und mehr als 7 Jahren Erfahrung in Consulting, Gesch\u00e4ftsentwicklung und Management unterst\u00fctzt und verantwortet er die Administration und Finanzen.<\/p>\r\n<h3>\u00a0<\/h3>\r\n<h3>Unser Selbstverst\u00e4ndnis\/Arbeitsstil<\/h3>\r\n<p>Unser Arbeitsstil ist gepr\u00e4gt von Kundenorientierung, agilem Management. Empathie und Kooperation.<\/p>\r\n<!-- \/wp:post-content -->\r\n\r\n<!-- wp:columns -->\r\n<div class=\"wp-block-columns has-2-columns\"><!-- wp:column -->\r\n<div class=\"wp-block-column\"><!-- wp:paragraph --><\/div>\r\n<div class=\"wp-block-column\"><!-- \/wp:paragraph --><\/div>\r\n<!-- \/wp:column --><\/div>\r\n<!-- \/wp:columns -->","protected":false},"excerpt":{"rendered":"<p>Geiger Safe &amp; Secure Engineering wurde im Januar 2024 von Klemens Geiger und Vincent Geiger gegr\u00fcndet, um eine ganzheitliche Sicht und Ansatz f\u00fcr alle drei wichtigen Facetten eines Produktlebenszykluses zu unterst\u00fctzen:\u00a0 Funktion, funktionale Sicherheit und Cybersicherheit. Klemens Geiger Gr\u00fcnder und Gesch\u00e4ftsf\u00fchrer von Geiger Safe &amp; Secure Engineering ist diplomierter Nachrichtentechniker und kann auf eine lange [&hellip;]<\/p>\n","protected":false},"author":2,"featured_media":314,"parent":0,"menu_order":0,"comment_status":"closed","ping_status":"closed","template":"","meta":{"_genesis_hide_title":false,"_genesis_hide_breadcrumbs":false,"_genesis_hide_singular_image":false,"_genesis_hide_footer_widgets":false,"_genesis_custom_body_class":"","_genesis_custom_post_class":"","_genesis_layout":"full-width-content","footnotes":""},"class_list":{"0":"post-414","1":"page","2":"type-page","3":"status-publish","4":"has-post-thumbnail","6":"entry"},"featured_image_src":"https:\/\/geiger-sse.de\/wp-content\/uploads\/2024\/03\/header_temp_2000x500-e1711285048427-600x360.png","featured_image_src_square":"https:\/\/geiger-sse.de\/wp-content\/uploads\/2024\/03\/header_temp_2000x500-e1711285048427-600x360.png","_links":{"self":[{"href":"https:\/\/geiger-sse.de\/de\/wp-json\/wp\/v2\/pages\/414","targetHints":{"allow":["GET"]}}],"collection":[{"href":"https:\/\/geiger-sse.de\/de\/wp-json\/wp\/v2\/pages"}],"about":[{"href":"https:\/\/geiger-sse.de\/de\/wp-json\/wp\/v2\/types\/page"}],"author":[{"embeddable":true,"href":"https:\/\/geiger-sse.de\/de\/wp-json\/wp\/v2\/users\/2"}],"replies":[{"embeddable":true,"href":"https:\/\/geiger-sse.de\/de\/wp-json\/wp\/v2\/comments?post=414"}],"version-history":[{"count":16,"href":"https:\/\/geiger-sse.de\/de\/wp-json\/wp\/v2\/pages\/414\/revisions"}],"predecessor-version":[{"id":440,"href":"https:\/\/geiger-sse.de\/de\/wp-json\/wp\/v2\/pages\/414\/revisions\/440"}],"wp:featuredmedia":[{"embeddable":true,"href":"https:\/\/geiger-sse.de\/de\/wp-json\/wp\/v2\/media\/314"}],"wp:attachment":[{"href":"https:\/\/geiger-sse.de\/de\/wp-json\/wp\/v2\/media?parent=414"}],"curies":[{"name":"wp","href":"https:\/\/api.w.org\/{rel}","templated":true}]}}